{"id":58,"date":"2020-10-17T16:48:38","date_gmt":"2020-10-17T16:48:38","guid":{"rendered":"http:\/\/psicologopaulodesignecombr.priscilade.dominiotemporario.com\/?page_id=58"},"modified":"2025-08-22T05:13:14","modified_gmt":"2025-08-22T05:13:14","slug":"quem-deve-procurar-um-psicologo","status":"publish","type":"page","link":"https:\/\/psicologopaulodesigne.com.br\/index.php\/quem-deve-procurar-um-psicologo\/","title":{"rendered":"Quem deve procurar um psic\u00f3logo?"},"content":{"rendered":"<p>Assim como procuramos um m\u00e9dico ou um dentista, procuramos\u00a0um psic\u00f3logo para nos ajudar a manter ou recuperar uma sa\u00fade\u00a0mental e emocional satisfat\u00f3ria.<\/p>\n<p>O campo da psicoterapia \u00e9 muito vasto, abrangendo o\u00a0autoconhecimento do indiv\u00edduo, conflitos familiares com o c\u00f4njuge,\u00a0problemas com os filhos, ansiedade, depress\u00e3o, separa\u00e7\u00f5es, lutos,\u00a0problemas profissionais que afetam a vida familiares e in\u00fameras\u00a0patologias.<\/p>\n<p>Al\u00e9m disso, atua na facilita\u00e7\u00e3o para a escolha profissional e na\u00a0transi\u00e7\u00e3o de carreira, auxiliando adolescentes e jovens na escolha\u00a0profissional e adultos que desejam fazer mudan\u00e7as na carreira<\/p>\n<p>profissional.<\/p>\n<p>A Orienta\u00e7\u00e3o Profissional realizada pelo profissional da psicologia\u00a0pode trazer muitos benef\u00edcios com o objetivo de proporcionar uma\u00a0melhor qualidade de vida.<\/p>\n\n\n<p><\/p>\n","protected":false},"excerpt":{"rendered":"<p>Assim como procuramos um m\u00e9dico ou um dentista, procuramos\u00a0um psic\u00f3logo para nos ajudar a manter ou recuperar uma sa\u00fade\u00a0mental e emocional satisfat\u00f3ria. O campo da psicoterapia \u00e9 muito vasto, abrangendo o\u00a0autoconhecimento do indiv\u00edduo, conflitos familiares com o c\u00f4njuge,\u00a0problemas com os filhos, ansiedade, depress\u00e3o, separa\u00e7\u00f5es, lutos,\u00a0problemas profissionais que afetam a vida familiares e in\u00fameras\u00a0patologias. Al\u00e9m disso, [&hellip;]<\/p>\n","protected":false},"author":2,"featured_media":0,"parent":0,"menu_order":0,"comment_status":"closed","ping_status":"closed","template":"","meta":{"footnotes":""},"class_list":["post-58","page","type-page","status-publish","hentry"],"_links":{"self":[{"href":"https:\/\/psicologopaulodesigne.com.br\/index.php\/wp-json\/wp\/v2\/pages\/58","targetHints":{"allow":["GET"]}}],"collection":[{"href":"https:\/\/psicologopaulodesigne.com.br\/index.php\/wp-json\/wp\/v2\/pages"}],"about":[{"href":"https:\/\/psicologopaulodesigne.com.br\/index.php\/wp-json\/wp\/v2\/types\/page"}],"author":[{"embeddable":true,"href":"https:\/\/psicologopaulodesigne.com.br\/index.php\/wp-json\/wp\/v2\/users\/2"}],"replies":[{"embeddable":true,"href":"https:\/\/psicologopaulodesigne.com.br\/index.php\/wp-json\/wp\/v2\/comments?post=58"}],"version-history":[{"count":2,"href":"https:\/\/psicologopaulodesigne.com.br\/index.php\/wp-json\/wp\/v2\/pages\/58\/revisions"}],"predecessor-version":[{"id":472,"href":"https:\/\/psicologopaulodesigne.com.br\/index.php\/wp-json\/wp\/v2\/pages\/58\/revisions\/472"}],"wp:attachment":[{"href":"https:\/\/psicologopaulodesigne.com.br\/index.php\/wp-json\/wp\/v2\/media?parent=58"}],"curies":[{"name":"wp","href":"https:\/\/api.w.org\/{rel}","templated":true}]}}